{"id":586,"date":"2025-04-30T22:54:11","date_gmt":"2025-04-30T22:54:11","guid":{"rendered":"https:\/\/neomadhabitat.com\/?page_id=586"},"modified":"2025-04-30T22:59:08","modified_gmt":"2025-04-30T22:59:08","slug":"politica-de-cookies","status":"publish","type":"page","link":"https:\/\/neomadhabitat.com\/index.php\/politica-de-cookies\/","title":{"rendered":"Pol\u00edtica de Cookies"},"content":{"rendered":"\t\t<div data-elementor-type=\"wp-page\" data-elementor-id=\"586\" class=\"elementor elementor-586\">\n\t\t\t\t<div class=\"elementor-element elementor-element-71dc3506 e-flex e-con-boxed e-con e-parent\" data-id=\"71dc3506\" data-element_type=\"container\" data-settings=\"{&quot;background_background&quot;:&quot;classic&quot;}\">\n\t\t\t\t\t<div class=\"e-con-inner\">\n\t\t\t\t<div class=\"elementor-element elementor-element-d3eb74b elementor-widget elementor-widget-image\" data-id=\"d3eb74b\" data-element_type=\"widget\" data-widget_type=\"image.default\">\n\t\t\t\t<div class=\"elementor-widget-container\">\n\t\t\t\t\t\t\t\t\t\t\t\t\t\t\t<img fetchpriority=\"high\" decoding=\"async\" width=\"800\" height=\"102\" src=\"https:\/\/neomadhabitat.com\/wp-content\/uploads\/2025\/04\/cropped-LOGO-NEO-MAD-HABITAT-copia-1-scaled-1-1024x130.png\" class=\"attachment-large size-large wp-image-170\" alt=\"\" srcset=\"https:\/\/neomadhabitat.com\/wp-content\/uploads\/2025\/04\/cropped-LOGO-NEO-MAD-HABITAT-copia-1-scaled-1-1024x130.png 1024w, https:\/\/neomadhabitat.com\/wp-content\/uploads\/2025\/04\/cropped-LOGO-NEO-MAD-HABITAT-copia-1-scaled-1-300x38.png 300w, https:\/\/neomadhabitat.com\/wp-content\/uploads\/2025\/04\/cropped-LOGO-NEO-MAD-HABITAT-copia-1-scaled-1-768x98.png 768w, https:\/\/neomadhabitat.com\/wp-content\/uploads\/2025\/04\/cropped-LOGO-NEO-MAD-HABITAT-copia-1-scaled-1-1536x195.png 1536w, https:\/\/neomadhabitat.com\/wp-content\/uploads\/2025\/04\/cropped-LOGO-NEO-MAD-HABITAT-copia-1-scaled-1-2048x260.png 2048w\" sizes=\"(max-width: 800px) 100vw, 800px\" \/>\t\t\t\t\t\t\t\t\t\t\t\t\t\t\t<\/div>\n\t\t\t\t<\/div>\n\t\t\t\t\t<\/div>\n\t\t\t\t<\/div>\n\t\t<div class=\"elementor-element elementor-element-28a00864 e-flex e-con-boxed e-con e-parent\" data-id=\"28a00864\" data-element_type=\"container\">\n\t\t\t\t\t<div class=\"e-con-inner\">\n\t\t<div class=\"elementor-element elementor-element-644a4e57 e-con-full e-flex e-con e-child\" data-id=\"644a4e57\" data-element_type=\"container\">\n\t\t\t\t<div class=\"elementor-element elementor-element-1100787e elementor-align-center elementor-widget elementor-widget-button\" data-id=\"1100787e\" data-element_type=\"widget\" data-widget_type=\"button.default\">\n\t\t\t\t<div class=\"elementor-widget-container\">\n\t\t\t\t\t\t\t\t\t<div class=\"elementor-button-wrapper\">\n\t\t\t\t\t<a class=\"elementor-button elementor-button-link elementor-size-sm\" href=\"https:\/\/neomadhabitat.com\/#inicio\">\n\t\t\t\t\t\t<span class=\"elementor-button-content-wrapper\">\n\t\t\t\t\t\t\t\t\t<span class=\"elementor-button-text\">INICIO<\/span>\n\t\t\t\t\t<\/span>\n\t\t\t\t\t<\/a>\n\t\t\t\t<\/div>\n\t\t\t\t\t\t\t\t<\/div>\n\t\t\t\t<\/div>\n\t\t\t\t<\/div>\n\t\t<div class=\"elementor-element elementor-element-37588f12 e-con-full e-flex e-con e-child\" data-id=\"37588f12\" data-element_type=\"container\">\n\t\t\t\t<div class=\"elementor-element elementor-element-301a5e68 elementor-align-center elementor-widget elementor-widget-button\" data-id=\"301a5e68\" data-element_type=\"widget\" data-widget_type=\"button.default\">\n\t\t\t\t<div class=\"elementor-widget-container\">\n\t\t\t\t\t\t\t\t\t<div class=\"elementor-button-wrapper\">\n\t\t\t\t\t<a class=\"elementor-button elementor-button-link elementor-size-sm\" href=\"https:\/\/neomadhabitat.com\/#quienes-somos\">\n\t\t\t\t\t\t<span class=\"elementor-button-content-wrapper\">\n\t\t\t\t\t\t\t\t\t<span class=\"elementor-button-text\">QUI\u00c9NES SOMOS<\/span>\n\t\t\t\t\t<\/span>\n\t\t\t\t\t<\/a>\n\t\t\t\t<\/div>\n\t\t\t\t\t\t\t\t<\/div>\n\t\t\t\t<\/div>\n\t\t\t\t<\/div>\n\t\t<div class=\"elementor-element elementor-element-2bbfed19 e-con-full e-flex e-con e-child\" data-id=\"2bbfed19\" data-element_type=\"container\">\n\t\t\t\t<div class=\"elementor-element elementor-element-51d77517 elementor-align-center elementor-widget elementor-widget-button\" data-id=\"51d77517\" data-element_type=\"widget\" data-widget_type=\"button.default\">\n\t\t\t\t<div class=\"elementor-widget-container\">\n\t\t\t\t\t\t\t\t\t<div class=\"elementor-button-wrapper\">\n\t\t\t\t\t<a class=\"elementor-button elementor-button-link elementor-size-sm\" href=\"https:\/\/neomadhabitat.com\/#servicios\">\n\t\t\t\t\t\t<span class=\"elementor-button-content-wrapper\">\n\t\t\t\t\t\t\t\t\t<span class=\"elementor-button-text\">SERVICIOS<\/span>\n\t\t\t\t\t<\/span>\n\t\t\t\t\t<\/a>\n\t\t\t\t<\/div>\n\t\t\t\t\t\t\t\t<\/div>\n\t\t\t\t<\/div>\n\t\t\t\t<\/div>\n\t\t<div class=\"elementor-element elementor-element-246b3178 e-con-full e-flex e-con e-child\" data-id=\"246b3178\" data-element_type=\"container\">\n\t\t\t\t<div class=\"elementor-element elementor-element-1927757a elementor-align-center elementor-widget elementor-widget-button\" data-id=\"1927757a\" data-element_type=\"widget\" data-widget_type=\"button.default\">\n\t\t\t\t<div class=\"elementor-widget-container\">\n\t\t\t\t\t\t\t\t\t<div class=\"elementor-button-wrapper\">\n\t\t\t\t\t<a class=\"elementor-button elementor-button-link elementor-size-sm\" href=\"#\">\n\t\t\t\t\t\t<span class=\"elementor-button-content-wrapper\">\n\t\t\t\t\t\t\t\t\t<span class=\"elementor-button-text\">CONTACTO<\/span>\n\t\t\t\t\t<\/span>\n\t\t\t\t\t<\/a>\n\t\t\t\t<\/div>\n\t\t\t\t\t\t\t\t<\/div>\n\t\t\t\t<\/div>\n\t\t\t\t<\/div>\n\t\t\t\t\t<\/div>\n\t\t\t\t<\/div>\n\t\t<div class=\"elementor-element elementor-element-3eb757c7 e-flex e-con-boxed e-con e-parent\" data-id=\"3eb757c7\" data-element_type=\"container\">\n\t\t\t\t\t<div class=\"e-con-inner\">\n\t\t\t\t<div class=\"elementor-element elementor-element-7f1aa956 elementor-widget elementor-widget-text-editor\" data-id=\"7f1aa956\" data-element_type=\"widget\" data-widget_type=\"text-editor.default\">\n\t\t\t\t<div class=\"elementor-widget-container\">\n\t\t\t\t\t\t\t\t\t<h3><strong>POL\u00cdTICA DE COOKIES<\/strong><\/h3>\t\t\t\t\t\t\t\t<\/div>\n\t\t\t\t<\/div>\n\t\t\t\t\t<\/div>\n\t\t\t\t<\/div>\n\t\t<div class=\"elementor-element elementor-element-3403ffcf e-flex e-con-boxed e-con e-parent\" data-id=\"3403ffcf\" data-element_type=\"container\">\n\t\t\t\t\t<div class=\"e-con-inner\">\n\t\t\t\t<div class=\"elementor-element elementor-element-7fce6975 elementor-widget elementor-widget-text-editor\" data-id=\"7fce6975\" data-element_type=\"widget\" data-widget_type=\"text-editor.default\">\n\t\t\t\t<div class=\"elementor-widget-container\">\n\t\t\t\t\t\t\t\t\t<p style=\"font-weight: 400;\"><strong>Uso de cookies:<br \/><\/strong><span lang=\"es\">Este sitio web utiliza cookies propias y de terceros para mejorar su experiencia de navegaci\u00f3n y realizar an\u00e1lisis de uso.<\/span><\/p>\t\t\t\t\t\t\t\t<\/div>\n\t\t\t\t<\/div>\n\t\t\t\t\t<\/div>\n\t\t\t\t<\/div>\n\t\t<div class=\"elementor-element elementor-element-113bf66b e-flex e-con-boxed e-con e-parent\" data-id=\"113bf66b\" data-element_type=\"container\">\n\t\t\t\t\t<div class=\"e-con-inner\">\n\t\t\t\t<div class=\"elementor-element elementor-element-37204a1d elementor-widget elementor-widget-text-editor\" data-id=\"37204a1d\" data-element_type=\"widget\" data-widget_type=\"text-editor.default\">\n\t\t\t\t<div class=\"elementor-widget-container\">\n\t\t\t\t\t\t\t\t\t<p style=\"font-weight: 400;\"><strong>\u00bfQu\u00e9 son las cookies?:<br \/><\/strong><span lang=\"es\">Una cookie es un peque\u00f1o archivo de texto que se almacena en su navegador al visitar casi cualquier p\u00e1gina web.<\/span><\/p>\t\t\t\t\t\t\t\t<\/div>\n\t\t\t\t<\/div>\n\t\t\t\t\t<\/div>\n\t\t\t\t<\/div>\n\t\t<div class=\"elementor-element elementor-element-6fe69482 e-flex e-con-boxed e-con e-parent\" data-id=\"6fe69482\" data-element_type=\"container\">\n\t\t\t\t\t<div class=\"e-con-inner\">\n\t\t\t\t<div class=\"elementor-element elementor-element-476e5d9 elementor-widget elementor-widget-text-editor\" data-id=\"476e5d9\" data-element_type=\"widget\" data-widget_type=\"text-editor.default\">\n\t\t\t\t<div class=\"elementor-widget-container\">\n\t\t\t\t\t\t\t\t\t<p style=\"font-weight: 400;\"><strong>Cookies utilizadas en este sitio:<\/strong><\/p><ul><li>Cookies t\u00e9cnicas: necesarias para el funcionamiento del sitio web.<\/li><li>Cookies de an\u00e1lisis: que permiten el an\u00e1lisis del uso que hacen los usuarios del sitio web.<br \/><br \/><\/li><\/ul>\t\t\t\t\t\t\t\t<\/div>\n\t\t\t\t<\/div>\n\t\t\t\t\t<\/div>\n\t\t\t\t<\/div>\n\t\t<div class=\"elementor-element elementor-element-bafedae e-flex e-con-boxed e-con e-parent\" data-id=\"bafedae\" data-element_type=\"container\">\n\t\t\t\t\t<div class=\"e-con-inner\">\n\t\t\t\t<div class=\"elementor-element elementor-element-9e73b53 elementor-widget elementor-widget-text-editor\" data-id=\"9e73b53\" data-element_type=\"widget\" data-widget_type=\"text-editor.default\">\n\t\t\t\t<div class=\"elementor-widget-container\">\n\t\t\t\t\t\t\t\t\t<p style=\"font-weight: 400;\"><strong>Consentimiento:<br \/><\/strong><span lang=\"es\">Al navegar en nuestro sitio web, usted consiente el uso de cookies. Puede retirar su consentimiento en cualquier momento eliminando las cookies almacenadas en su navegador o configur\u00e1ndose para bloquearlas.<\/span><\/p>\t\t\t\t\t\t\t\t<\/div>\n\t\t\t\t<\/div>\n\t\t\t\t\t<\/div>\n\t\t\t\t<\/div>\n\t\t<div class=\"elementor-element elementor-element-0e58f74 e-flex e-con-boxed e-con e-parent\" data-id=\"0e58f74\" data-element_type=\"container\">\n\t\t\t\t\t<div class=\"e-con-inner\">\n\t\t\t\t<div class=\"elementor-element elementor-element-9511b51 elementor-widget elementor-widget-text-editor\" data-id=\"9511b51\" data-element_type=\"widget\" data-widget_type=\"text-editor.default\">\n\t\t\t\t<div class=\"elementor-widget-container\">\n\t\t\t\t\t\t\t\t\t<p style=\"font-weight: 400;\"><strong>C\u00f3mo desactivar las cookies:<br \/><\/strong><span lang=\"es\">Puede permitir, bloquear o eliminar las cookies instaladas en su equipo mediante la configuraci\u00f3n de las opciones del navegador instalado en su dispositivo.<\/span><\/p>\t\t\t\t\t\t\t\t<\/div>\n\t\t\t\t<\/div>\n\t\t\t\t\t<\/div>\n\t\t\t\t<\/div>\n\t\t\t\t<\/div>\n\t\t","protected":false},"excerpt":{"rendered":"<p>INICIO QUI\u00c9NES SOMOS SERVICIOS CONTACTO POL\u00cdTICA DE COOKIES Uso de cookies:Este sitio web utiliza cookies propias y de terceros para mejorar su experiencia de navegaci\u00f3n y realizar an\u00e1lisis de uso. \u00bfQu\u00e9 son las cookies?:Una cookie es un peque\u00f1o archivo de texto que se almacena en su navegador al visitar casi cualquier p\u00e1gina web. Cookies utilizadas [&hellip;]<\/p>\n","protected":false},"author":1,"featured_media":0,"parent":0,"menu_order":0,"comment_status":"closed","ping_status":"closed","template":"","meta":{"footnotes":""},"class_list":["post-586","page","type-page","status-publish","hentry"],"_links":{"self":[{"href":"https:\/\/neomadhabitat.com\/index.php\/wp-json\/wp\/v2\/pages\/586","targetHints":{"allow":["GET"]}}],"collection":[{"href":"https:\/\/neomadhabitat.com\/index.php\/wp-json\/wp\/v2\/pages"}],"about":[{"href":"https:\/\/neomadhabitat.com\/index.php\/wp-json\/wp\/v2\/types\/page"}],"author":[{"embeddable":true,"href":"https:\/\/neomadhabitat.com\/index.php\/wp-json\/wp\/v2\/users\/1"}],"replies":[{"embeddable":true,"href":"https:\/\/neomadhabitat.com\/index.php\/wp-json\/wp\/v2\/comments?post=586"}],"version-history":[{"count":10,"href":"https:\/\/neomadhabitat.com\/index.php\/wp-json\/wp\/v2\/pages\/586\/revisions"}],"predecessor-version":[{"id":596,"href":"https:\/\/neomadhabitat.com\/index.php\/wp-json\/wp\/v2\/pages\/586\/revisions\/596"}],"wp:attachment":[{"href":"https:\/\/neomadhabitat.com\/index.php\/wp-json\/wp\/v2\/media?parent=586"}],"curies":[{"name":"wp","href":"https:\/\/api.w.org\/{rel}","templated":true}]}}